{"id":3482,"date":"2025-09-12T14:16:57","date_gmt":"2025-09-12T14:16:57","guid":{"rendered":"https:\/\/groupebm.net\/eiusa\/?page_id=3482"},"modified":"2025-09-12T17:39:38","modified_gmt":"2025-09-12T17:39:38","slug":"gbm-dvlottery","status":"publish","type":"page","link":"https:\/\/groupebm.net\/eiusa\/gbm-dvlottery\/","title":{"rendered":"gbm-dvlottery"},"content":{"rendered":"\t\t<div data-elementor-type=\"wp-page\" data-elementor-id=\"3482\" class=\"elementor elementor-3482\">\n\t\t\t\t<div class=\"elementor-element elementor-element-af8303f e-flex e-con-boxed wpr-particle-no wpr-jarallax-no wpr-parallax-no wpr-sticky-section-no wpr-equal-height-no e-con e-parent\" data-id=\"af8303f\" data-element_type=\"container\" data-e-type=\"container\" data-settings=\"{&quot;background_background&quot;:&quot;classic&quot;}\">\n\t\t\t\t\t<div class=\"e-con-inner\">\n\t\t\t\t<div class=\"elementor-element elementor-element-f9724aa premium-header-block premium-lq__none premium-box-lq__none elementor-widget elementor-widget-premium-addon-dual-header\" data-id=\"f9724aa\" data-element_type=\"widget\" data-e-type=\"widget\" data-settings=\"{&quot;_animation&quot;:&quot;none&quot;}\" data-widget_type=\"premium-addon-dual-header.default\">\n\t\t\t\t\t\n\t\t<div class=\"elementor-widget-container\">\n\t\t<div class=\"premium-dual-header-wrapper\">\n\t\t\t\t\t<h2 class=\"premium-dual-header-first-header \"><span class=\"premium-dual-header-first-span\"> <\/span><span class=\"premium-dual-header-second-header \">DV Lottery 2027 : Votre chance de vivre le r\u00eave am\u00e9ricain commence ici !<\/span><\/h2> \t\t\t\t\t\t<\/div>\n\t\t<\/div>\n\n\t\t\t\t\t\t<\/div>\n\t\t\t\t<div class=\"elementor-element elementor-element-87d2cc9 elementor-widget elementor-widget-text-editor\" data-id=\"87d2cc9\" data-element_type=\"widget\" data-e-type=\"widget\" data-widget_type=\"text-editor.default\">\n\t\t\t\t\t\t\t\t\t<p>Accompagnement professionnel, conseils pratiques et inscription s\u00e9curis\u00e9e.<\/p>\t\t\t\t\t\t\t\t<\/div>\n\t\t<div class=\"elementor-element elementor-element-0b9ee92 e-con-full e-flex wpr-particle-no wpr-jarallax-no wpr-parallax-no wpr-sticky-section-no wpr-equal-height-no e-con e-child\" data-id=\"0b9ee92\" data-element_type=\"container\" data-e-type=\"container\">\n\t\t\t\t<div class=\"elementor-element elementor-element-afdba1c elementor-align-justify elementor-widget__width-inherit elementor-widget elementor-widget-button\" data-id=\"afdba1c\" data-element_type=\"widget\" data-e-type=\"widget\" data-widget_type=\"button.default\">\n\t\t\t\t\t\t\t\t\t\t<a class=\"elementor-button elementor-button-link elementor-size-sm elementor-animation-shrink\" href=\"https:\/\/groupebm.net\/gbm_dvlottery\/appointment\/create\" target=\"_blank\">\n\t\t\t\t\t\t<span class=\"elementor-button-content-wrapper\">\n\t\t\t\t\t\t<span class=\"elementor-button-icon\">\n\t\t\t\t<i aria-hidden=\"true\" class=\"icon icon-migration\"><\/i>\t\t\t<\/span>\n\t\t\t\t\t\t\t\t\t<span class=\"elementor-button-text\">Prendre rendez-vous maintenant<\/span>\n\t\t\t\t\t<\/span>\n\t\t\t\t\t<\/a>\n\t\t\t\t\t\t\t\t<\/div>\n\t\t\t\t<div class=\"elementor-element elementor-element-667641b elementor-align-justify elementor-widget__width-inherit elementor-widget elementor-widget-button\" data-id=\"667641b\" data-element_type=\"widget\" data-e-type=\"widget\" data-widget_type=\"button.default\">\n\t\t\t\t\t\t\t\t\t\t<a class=\"elementor-button elementor-button-link elementor-size-sm elementor-animation-shrink\" href=\"https:\/\/groupebm.net\/dvlottery-dashboard\/?view=last7\" target=\"_blank\">\n\t\t\t\t\t\t<span class=\"elementor-button-content-wrapper\">\n\t\t\t\t\t\t<span class=\"elementor-button-icon\">\n\t\t\t\t<i aria-hidden=\"true\" class=\"icon icon-lock\"><\/i>\t\t\t<\/span>\n\t\t\t\t\t\t\t\t\t<span class=\"elementor-button-text\">Dashboard- Consulter les rendez-vous<\/span>\n\t\t\t\t\t<\/span>\n\t\t\t\t\t<\/a>\n\t\t\t\t\t\t\t\t<\/div>\n\t\t\t\t<\/div>\n\t\t\t\t\t<\/div>\n\t\t\t\t<\/div>\n\t\t<div class=\"elementor-element elementor-element-41922b4 animated-slow e-flex e-con-boxed wpr-particle-no wpr-jarallax-no wpr-parallax-no wpr-sticky-section-no wpr-equal-height-no elementor-invisible e-con e-parent\" data-id=\"41922b4\" data-element_type=\"container\" data-e-type=\"container\" data-settings=\"{&quot;animation&quot;:&quot;fadeIn&quot;,&quot;background_background&quot;:&quot;classic&quot;}\">\n\t\t\t\t\t<div class=\"e-con-inner\">\n\t\t<div class=\"elementor-element elementor-element-cb3f51c e-con-full e-flex wpr-particle-no wpr-jarallax-no wpr-parallax-no wpr-sticky-section-no wpr-equal-height-no e-con e-child\" data-id=\"cb3f51c\" data-element_type=\"container\" data-e-type=\"container\">\n\t\t\t\t<div class=\"elementor-element elementor-element-6a6470e elementor-widget elementor-widget-text-editor\" data-id=\"6a6470e\" data-element_type=\"widget\" data-e-type=\"widget\" data-widget_type=\"text-editor.default\">\n\t\t\t\t\t\t\t\t\t<h4>Qu\u2019est-ce que la DV Lottery ?<\/h4><p><strong>La Diversity Visa Lottery<\/strong> (DV Lottery) est un programme officiel du gouvernement am\u00e9ricain qui offre chaque ann\u00e9e \u00e0 plus de <strong>50 000 personnes<\/strong> dans le monde la possibilit\u00e9 d\u2019obtenir une Green Card. L\u2019inscription est gratuite et 100% en ligne. <strong>Mais attention : une erreur dans le formulaire peut compromettre vos chances<\/strong>.<\/p><h4>Pourquoi nous choisir ?<\/h4><p data-start=\"1430\" data-end=\"1487\"><strong data-start=\"395\" data-end=\"456\">Accompagnement humain et outils professionnels<\/strong> pour maximiser vos chances.<\/p><p data-start=\"1430\" data-end=\"1487\">\u2705 <strong data-start=\"1432\" data-end=\"1463\">Accompagnement personnalis\u00e9<\/strong> pour chaque candidat, adapt\u00e9 \u00e0 son profil.<\/p><p data-start=\"1490\" data-end=\"1558\">\u2705 <strong data-start=\"1492\" data-end=\"1540\">Assistance compl\u00e8te <\/strong>dans le remplissage du formulaire, sans erreurs ni omissions.<\/p><p data-start=\"1490\" data-end=\"1558\">\u2705 <strong data-start=\"839\" data-end=\"893\">Mat\u00e9riel professionnel pour vos photos officielles<\/strong> (appareil photo HD, \u00e9clairage studio, cadrage conforme aux exigences du gouvernement am\u00e9ricain).<\/p><p data-start=\"1561\" data-end=\"1615\">\u2705 <strong data-start=\"1563\" data-end=\"1585\">Conseils pratiques<\/strong> pour maximiser vos chances de r\u00e9ussite.<\/p><p data-start=\"1561\" data-end=\"1615\">\u2705 <strong data-start=\"1620\" data-end=\"1647\">Suivi apr\u00e8s inscription<\/strong> (confirmation, r\u00e9sultats, accompagnement sur les prochaines \u00e9tapes).<\/p><h4>Pour qui ?<\/h4><p>Cette opportunit\u00e9 s\u2019adresse \u00e0 tous les jeunes Togolais ayant au moins le niveau BAC, ainsi qu\u2019aux professionnels et familles d\u00e9sireux de construire un avenir aux \u00c9tats-Unis.<\/p>\t\t\t\t\t\t\t\t<\/div>\n\t\t\t\t<div class=\"elementor-element elementor-element-616ae09 elementor-widget elementor-widget-text-editor\" data-id=\"616ae09\" data-element_type=\"widget\" data-e-type=\"widget\" data-widget_type=\"text-editor.default\">\n\t\t\t\t\t\t\t\t\t<h4>\u00c9tapes : simple et visuelle<\/h4>\t\t\t\t\t\t\t\t<\/div>\n\t\t\t\t<div class=\"elementor-element elementor-element-dd2c7e3 wpr-list-style-none elementor-widget elementor-widget-wpr-posts-timeline\" data-id=\"dd2c7e3\" data-element_type=\"widget\" data-e-type=\"widget\" data-settings=\"{&quot;animation_offset&quot;:150,&quot;aos_animation_duration&quot;:600}\" data-widget_type=\"wpr-posts-timeline.default\">\n\t\t\t\t\t\n\t\t<div class=\"wpr-wrapper wpr-vertical wpr-centered\">\n\t\t\t<div class=\"wpr-timeline-centered wpr-line wpr-both-sided-timeline\"><div class=\"wpr-middle-line\"><\/div><div class=\"wpr-timeline-fill\" data-layout=\"centered\"><\/div><article class=\"wpr-timeline-entry wpr-left-aligned elementor-repeater-item-f94da51\" data-item-id=\"elementor-repeater-item-f94da51\"><time class=\"wpr-extra-label\" data-aos=\"fade\" data-aos-left=\"\" data-aos-right=\"\" data-animation-offset=\"150\" data-animation-duration=\"600\"><span class=\"wpr-label\">\u00c9tape 1<\/span><span class=\"wpr-sub-label\">Septembre - Novembre 2025<\/span><\/time><div class=\"wpr-timeline-entry-inner\"><div class=\"wpr-main-line-icon wpr-icon\"><\/div><div class=\"wpr-story-info-vertical wpr-data-wrap \"  data-aos=\"fade\" data-aos-left=\"\" data-aos-right=\"\" data-animation-offset=\"150\" data-animation-duration=\"600\"><div class=\"wpr-animation-wrap wpr-timeline-media\"><i aria-hidden=\"true\" class=\"icon icon-calendar1\"><\/i><\/div><div class=\"wpr-timeline-content-wrapper\"><div class=\"wpr-content-wrapper\"><div class=\"wpr-title-wrap\"><span class=\"wpr-title\">Prendre rendez-vous<\/span><\/div><div class=\"wpr-description\"><p>R\u00e9servez un rendez-vous avec notre \u00e9quipe pour b\u00e9n\u00e9ficier d\u2019un accompagnement personnalis\u00e9.<\/p><\/div><\/div><\/div><\/div>\n\t\t\t\t\t\t<\/div>\n\t\t\t\t<\/article><article class=\"wpr-timeline-entry wpr-right-aligned elementor-repeater-item-2a37755\" data-item-id=\"elementor-repeater-item-2a37755\"><time class=\"wpr-extra-label\" data-aos=\"fade\" data-aos-left=\"\" data-aos-right=\"\" data-animation-offset=\"150\" data-animation-duration=\"600\"><span class=\"wpr-label\">\u00c9tape 2<\/span><span class=\"wpr-sub-label\">Octobre 2025<\/span><\/time><div class=\"wpr-timeline-entry-inner\"><div class=\"wpr-main-line-icon wpr-icon\"><\/div><div class=\"wpr-story-info-vertical wpr-data-wrap \"  data-aos=\"fade\" data-aos-left=\"\" data-aos-right=\"\" data-animation-offset=\"150\" data-animation-duration=\"600\"><div class=\"wpr-animation-wrap wpr-timeline-media\"><i aria-hidden=\"true\" class=\"icon icon-Document-Search\"><\/i><\/div><div class=\"wpr-timeline-content-wrapper\"><div class=\"wpr-content-wrapper\"><div class=\"wpr-title-wrap\"><span class=\"wpr-title\">Pr\u00e9parer votre dossier avec notre \u00e9quipe<\/span><\/div><div class=\"wpr-description\"><p data-start=\"494\" data-end=\"626\">Photos officielles avec notre mat\u00e9riel professionnel, v\u00e9rification de vos documents et conseils pratiques.<\/p><\/div><\/div><\/div><\/div>\n\t\t\t\t\t\t<\/div>\n\t\t\t\t<\/article><article class=\"wpr-timeline-entry wpr-left-aligned elementor-repeater-item-dc77abf\" data-item-id=\"elementor-repeater-item-dc77abf\"><time class=\"wpr-extra-label\" data-aos=\"fade\" data-aos-left=\"\" data-aos-right=\"\" data-animation-offset=\"150\" data-animation-duration=\"600\"><span class=\"wpr-label\">\u00c9tape 3<\/span><span class=\"wpr-sub-label\">Octobre \u2013 Novembre 2025<\/span><\/time><div class=\"wpr-timeline-entry-inner\"><div class=\"wpr-main-line-icon wpr-icon\"><\/div><div class=\"wpr-story-info-vertical wpr-data-wrap \"  data-aos=\"fade\" data-aos-left=\"\" data-aos-right=\"\" data-animation-offset=\"150\" data-animation-duration=\"600\"><div class=\"wpr-animation-wrap wpr-timeline-media\"><svg aria-hidden=\"true\" class=\"e-font-icon-svg e-fas-user-check\" viewBox=\"0 0 640 512\" xmlns=\"http:\/\/www.w3.org\/2000\/svg\"><path d=\"M224 256c70.7 0 128-57.3 128-128S294.7 0 224 0 96 57.3 96 128s57.3 128 128 128zm89.6 32h-16.7c-22.2 10.2-46.9 16-72.9 16s-50.6-5.8-72.9-16h-16.7C60.2 288 0 348.2 0 422.4V464c0 26.5 21.5 48 48 48h352c26.5 0 48-21.5 48-48v-41.6c0-74.2-60.2-134.4-134.4-134.4zm323-128.4l-27.8-28.1c-4.6-4.7-12.1-4.7-16.8-.1l-104.8 104-45.5-45.8c-4.6-4.7-12.1-4.7-16.8-.1l-28.1 27.9c-4.7 4.6-4.7 12.1-.1 16.8l81.7 82.3c4.6 4.7 12.1 4.7 16.8.1l141.3-140.2c4.6-4.7 4.7-12.2.1-16.8z\"><\/path><\/svg><\/div><div class=\"wpr-timeline-content-wrapper\"><div class=\"wpr-content-wrapper\"><div class=\"wpr-title-wrap\"><span class=\"wpr-title\">S\u2019inscrire sereinement \u00e0 la DV Lottery 2027<\/span><\/div><div class=\"wpr-description\"><p data-start=\"697\" data-end=\"848\">Nous r\u00e9alisons ensemble votre inscription officielle sans erreurs et nous assurons le suivi jusqu\u2019\u00e0 la confirmation.<\/p><\/div><\/div><\/div><\/div>\n\t\t\t\t\t\t<\/div>\n\t\t\t\t<\/article><\/div>    \n\t\t\t<\/div>\t\t\t\t<\/div>\n\t\t\t\t<\/div>\n\t\t\t\t\t<\/div>\n\t\t\t\t<\/div>\n\t\t<div class=\"elementor-element elementor-element-6741024 e-flex e-con-boxed wpr-particle-no wpr-jarallax-no wpr-parallax-no wpr-sticky-section-no wpr-equal-height-no e-con e-parent\" data-id=\"6741024\" data-element_type=\"container\" data-e-type=\"container\" data-settings=\"{&quot;background_background&quot;:&quot;classic&quot;}\">\n\t\t\t\t\t<div class=\"e-con-inner\">\n\t\t\t\t<div class=\"elementor-element elementor-element-0b84338 premium-header-block premium-lq__none premium-box-lq__none elementor-widget elementor-widget-premium-addon-dual-header\" data-id=\"0b84338\" data-element_type=\"widget\" data-e-type=\"widget\" data-settings=\"{&quot;_animation&quot;:&quot;none&quot;}\" data-widget_type=\"premium-addon-dual-header.default\">\n\t\t\t\t\t\n\t\t<div class=\"elementor-widget-container\">\n\t\t<div class=\"premium-dual-header-wrapper\">\n\t\t\t\t\t<h2 class=\"premium-dual-header-first-header \"><span class=\"premium-dual-header-first-span\"> <\/span><span class=\"premium-dual-header-second-header \">Prenez rendez-vous d\u00e8s maintenant et pr\u00e9parez votre inscription<\/span><\/h2> \t\t\t\t\t\t<\/div>\n\t\t<\/div>\n\n\t\t\t\t\t\t<\/div>\n\t\t\t\t<div class=\"elementor-element elementor-element-e7ebdfb elementor-align-center elementor-widget__width-inherit elementor-widget elementor-widget-button\" data-id=\"e7ebdfb\" data-element_type=\"widget\" data-e-type=\"widget\" data-widget_type=\"button.default\">\n\t\t\t\t\t\t\t\t\t\t<a class=\"elementor-button elementor-button-link elementor-size-sm elementor-animation-shrink\" href=\"https:\/\/groupebm.net\/gbm_dvlottery\/appointment\/create\" target=\"_blank\">\n\t\t\t\t\t\t<span class=\"elementor-button-content-wrapper\">\n\t\t\t\t\t\t<span class=\"elementor-button-icon\">\n\t\t\t\t<i aria-hidden=\"true\" class=\"icon icon-migration\"><\/i>\t\t\t<\/span>\n\t\t\t\t\t\t\t\t\t<span class=\"elementor-button-text\">Je prends rendez-vous<\/span>\n\t\t\t\t\t<\/span>\n\t\t\t\t\t<\/a>\n\t\t\t\t\t\t\t\t<\/div>\n\t\t\t\t\t<\/div>\n\t\t\t\t<\/div>\n\t\t\t\t<\/div>\n\t\t","protected":false},"excerpt":{"rendered":"<p>DV Lottery 2027 : Votre chance de vivre le r\u00eave am\u00e9ricain commence ici ! Accompagnement professionnel, conseils pratiques et inscription s\u00e9curis\u00e9e. Prendre rendez-vous maintenant Dashboard- Consulter les rendez-vous Qu\u2019est-ce que la DV Lottery ? La Diversity Visa Lottery (DV Lottery) est un programme officiel du gouvernement am\u00e9ricain qui offre chaque ann\u00e9e \u00e0 plus de 50 000 personnes dans le monde la possibilit\u00e9 d\u2019obtenir une Green Card. L\u2019inscription est gratuite et 100% en ligne. Mais attention : une erreur dans le formulaire peut compromettre vos chances. Pourquoi nous choisir ? Accompagnement humain et outils professionnels pour maximiser vos chances. \u2705 Accompagnement personnalis\u00e9 pour chaque candidat, adapt\u00e9 \u00e0 son profil. \u2705 Assistance compl\u00e8te dans le remplissage du formulaire, sans erreurs ni omissions. \u2705 Mat\u00e9riel professionnel pour vos photos officielles (appareil photo HD, \u00e9clairage studio, cadrage conforme aux exigences du gouvernement am\u00e9ricain). \u2705 Conseils pratiques pour maximiser vos chances de r\u00e9ussite. \u2705 Suivi apr\u00e8s inscription (confirmation, r\u00e9sultats, accompagnement sur les prochaines \u00e9tapes). Pour qui ? Cette opportunit\u00e9 s\u2019adresse \u00e0 tous les jeunes Togolais ayant au moins le niveau BAC, ainsi qu\u2019aux professionnels et familles d\u00e9sireux de construire un avenir aux \u00c9tats-Unis. \u00c9tapes : simple et visuelle \u00c9tape 1Septembre &#8211; Novembre 2025 Prendre rendez-vous R\u00e9servez un rendez-vous avec notre \u00e9quipe pour b\u00e9n\u00e9ficier d\u2019un accompagnement personnalis\u00e9. \u00c9tape 2Octobre 2025 Pr\u00e9parer votre dossier avec notre \u00e9quipe Photos officielles avec notre mat\u00e9riel professionnel, v\u00e9rification de vos documents et conseils pratiques. \u00c9tape 3Octobre \u2013 Novembre 2025 S\u2019inscrire sereinement \u00e0 la DV Lottery 2027 Nous r\u00e9alisons ensemble votre inscription officielle sans erreurs et nous assurons le suivi jusqu\u2019\u00e0 la confirmation. Prenez rendez-vous d\u00e8s maintenant et pr\u00e9parez votre inscription Je prends rendez-vous<\/p>\n","protected":false},"author":1,"featured_media":0,"parent":0,"menu_order":0,"comment_status":"closed","ping_status":"closed","template":"elementor_canvas","meta":{"slim_seo":{"title":"gbm-dvlottery - eiusa","description":"DV Lottery 2027 : Votre chance de vivre le r\u00eave am\u00e9ricain commence ici ! Accompagnement professionnel, conseils pratiques et inscription s\u00e9curis\u00e9e. Prendre rend"},"footnotes":""},"wf_page_folders":[52],"class_list":["post-3482","page","type-page","status-publish","hentry"],"blocksy_meta":[],"_links":{"self":[{"href":"https:\/\/groupebm.net\/eiusa\/wp-json\/wp\/v2\/pages\/3482","targetHints":{"allow":["GET"]}}],"collection":[{"href":"https:\/\/groupebm.net\/eiusa\/wp-json\/wp\/v2\/pages"}],"about":[{"href":"https:\/\/groupebm.net\/eiusa\/wp-json\/wp\/v2\/types\/page"}],"author":[{"embeddable":true,"href":"https:\/\/groupebm.net\/eiusa\/wp-json\/wp\/v2\/users\/1"}],"replies":[{"embeddable":true,"href":"https:\/\/groupebm.net\/eiusa\/wp-json\/wp\/v2\/comments?post=3482"}],"version-history":[{"count":0,"href":"https:\/\/groupebm.net\/eiusa\/wp-json\/wp\/v2\/pages\/3482\/revisions"}],"wp:attachment":[{"href":"https:\/\/groupebm.net\/eiusa\/wp-json\/wp\/v2\/media?parent=3482"}],"wp:term":[{"taxonomy":"wf_page_folders","embeddable":true,"href":"https:\/\/groupebm.net\/eiusa\/wp-json\/wp\/v2\/wf_page_folders?post=3482"}],"curies":[{"name":"wp","href":"https:\/\/api.w.org\/{rel}","templated":true}]}}