{"id":21,"date":"2025-05-10T10:46:20","date_gmt":"2025-05-10T10:46:20","guid":{"rendered":"https:\/\/groupebm.net\/eiusa\/?page_id=21"},"modified":"2025-07-15T10:07:37","modified_gmt":"2025-07-15T10:07:37","slug":"accueil","status":"publish","type":"page","link":"https:\/\/groupebm.net\/eiusa\/","title":{"rendered":"Accueil"},"content":{"rendered":"\t\t<div data-elementor-type=\"wp-page\" data-elementor-id=\"21\" class=\"elementor elementor-21\">\n\t\t\t\t<div class=\"elementor-element elementor-element-26d375a e-con-full e-flex wpr-particle-no wpr-jarallax-no wpr-parallax-no wpr-sticky-section-no wpr-equal-height-no e-con e-parent\" data-id=\"26d375a\" data-element_type=\"container\" data-e-type=\"container\" data-settings=\"{&quot;background_background&quot;:&quot;classic&quot;}\">\n\t\t<div class=\"elementor-element elementor-element-13155bf e-con-full e-flex wpr-particle-no wpr-jarallax-no wpr-parallax-no wpr-sticky-section-no wpr-equal-height-no e-con e-child\" data-id=\"13155bf\" data-element_type=\"container\" data-e-type=\"container\">\n\t\t<div class=\"elementor-element elementor-element-8a9afbf e-con-full e-flex wpr-particle-no wpr-jarallax-no wpr-parallax-no wpr-sticky-section-no wpr-equal-height-no e-con e-child\" data-id=\"8a9afbf\" data-element_type=\"container\" data-e-type=\"container\">\n\t\t\t\t<div class=\"elementor-element elementor-element-4323106 wpr-fancy-text-slide wpr-advanced-text-style-animated elementor-widget elementor-widget-wpr-advanced-text\" data-id=\"4323106\" data-element_type=\"widget\" data-e-type=\"widget\" data-widget_type=\"wpr-advanced-text.default\">\n\t\t\t\t\t\n\t\t<h3 class=\"wpr-advanced-text\">\n\n\t\t\t\t\t\n\t\t\t\t\t\t\t<span class=\"wpr-advanced-text-preffix\">R\u00eavez l'Am\u00e9rique<\/span>\n\t\t\t\n\t\t<span class=\"wpr-anim-text wpr-anim-text-type-slide\" data-anim-duration=\"1000,2000\" data-anim-loop=\"\">\n\t\t\t<span class=\"wpr-anim-text-inner\">\n\t\t\t\t\t\t\t<\/span>\n\t\t\t\t\t<\/span>\n\n\t\t\t\t\n\t\t<\/h3>\n\t\t\n\t\t\t\t\t\t<\/div>\n\t\t\t\t<div class=\"elementor-element elementor-element-4ac5690 wpr-fancy-text-slide wpr-advanced-text-style-animated wpr-animated-text-infinite-yes elementor-widget elementor-widget-wpr-advanced-text\" data-id=\"4ac5690\" data-element_type=\"widget\" data-e-type=\"widget\" data-settings=\"{&quot;anim_loop&quot;:&quot;yes&quot;}\" data-widget_type=\"wpr-advanced-text.default\">\n\t\t\t\t\t\n\t\t<h3 class=\"wpr-advanced-text\">\n\n\t\t\t\t\t\n\t\t\t\t\t\t\t<span class=\"wpr-advanced-text-preffix\"> Nous guidons votre parcours<\/span>\n\t\t\t\n\t\t<span class=\"wpr-anim-text wpr-anim-text-type-slide\" data-anim-duration=\"1000,2000\" data-anim-loop=\"yes\">\n\t\t\t<span class=\"wpr-anim-text-inner\">\n\t\t\t\t\t\t\t<\/span>\n\t\t\t\t\t<\/span>\n\n\t\t\t\t\n\t\t<\/h3>\n\t\t\n\t\t\t\t\t\t<\/div>\n\t\t\t\t<\/div>\n\t\t\t\t<\/div>\n\t\t\t\t<\/div>\n\t\t<div class=\"elementor-element elementor-element-4fd5b4f e-flex e-con-boxed wpr-particle-no wpr-jarallax-no wpr-parallax-no wpr-sticky-section-no wpr-equal-height-no e-con e-parent\" data-id=\"4fd5b4f\" data-element_type=\"container\" data-e-type=\"container\">\n\t\t\t\t\t<div class=\"e-con-inner\">\n\t\t<div class=\"elementor-element elementor-element-d4cb43f e-con-full e-flex wpr-particle-no wpr-jarallax-no wpr-parallax-no wpr-sticky-section-no wpr-equal-height-no e-con e-child\" data-id=\"d4cb43f\" data-element_type=\"container\" data-e-type=\"container\">\n\t\t<div class=\"elementor-element elementor-element-d442d29 e-con-full e-flex wpr-particle-no wpr-jarallax-no wpr-parallax-no wpr-sticky-section-no wpr-equal-height-no e-con e-child\" data-id=\"d442d29\" data-element_type=\"container\" data-e-type=\"container\">\n\t\t\t\t<div class=\"elementor-element elementor-element-b2ef3d6 wpr-button-icon-position-left elementor-widget__width-inherit wpr-button-icon-style-inline elementor-widget elementor-widget-wpr-button\" data-id=\"b2ef3d6\" data-element_type=\"widget\" data-e-type=\"widget\" data-widget_type=\"wpr-button.default\">\n\t\t\t\t\t\t\n\t\t\t\n\t\t\n\t\t<div class=\"wpr-button-wrap elementor-clearfix\">\n\t\t<a class=\"wpr-button wpr-button-effect elementor-animation-shrink\" data-text=\"\" href=\"https:\/\/outlook.office.com\/owa\/calendar\/NiyemBawana@gtvault.onmicrosoft.com\/bookings\/?ismsaljsauthenabled\" target=\"_blank\">\n\t\t\t\n\t\t\t<span class=\"wpr-button-content\">\n\t\t\t\t\t\t\t\t\t<span class=\"wpr-button-text\">R\u00e9servez votre consultation d\u00e8s aujourd&#039;hui !<\/span>\n\t\t\t\t\t\t\t\t\n\t\t\t\t\t\t\t\t\t<span class=\"wpr-button-icon\"><i class=\"icon icon-customer-service\"><\/i><\/span>\n\t\t\t\t\t\t\t<\/span>\n\t\t<\/a>\n\n\t\t\t\t<\/div>\n\t\n\t\n\t\t\t\t\t<\/div>\n\t\t\t\t<div class=\"elementor-element elementor-element-dcd45f7 wpr-button-icon-position-left elementor-widget__width-inherit wpr-button-icon-style-inline elementor-widget elementor-widget-wpr-button\" data-id=\"dcd45f7\" data-element_type=\"widget\" data-e-type=\"widget\" data-widget_type=\"wpr-button.default\">\n\t\t\t\t\t\t\n\t\t\t\n\t\t\n\t\t<div class=\"wpr-button-wrap elementor-clearfix\">\n\t\t<a class=\"wpr-button wpr-button-effect elementor-animation-shrink\" data-text=\"\" href=\"https:\/\/forms.gle\/irpqXNXnSR2yGMoQ7\" target=\"_blank\">\n\t\t\t\n\t\t\t<span class=\"wpr-button-content\">\n\t\t\t\t\t\t\t\t\t<span class=\"wpr-button-text\">Nous offrons une \u00e9valuation gratuite de votre profil<\/span>\n\t\t\t\t\t\t\t\t\n\t\t\t\t\t\t\t\t\t<span class=\"wpr-button-icon\"><i class=\"icon icon-customer-service\"><\/i><\/span>\n\t\t\t\t\t\t\t<\/span>\n\t\t<\/a>\n\n\t\t\t\t<\/div>\n\t\n\t\n\t\t\t\t\t<\/div>\n\t\t\t\t<\/div>\n\t\t\t\t<\/div>\n\t\t\t\t\t<\/div>\n\t\t\t\t<\/div>\n\t\t\t\t<section class=\"elementor-section elementor-top-section elementor-element elementor-element-42d18a58 elementor-section-content-middle elementor-section-boxed elementor-section-height-default elementor-section-height-default wpr-particle-no wpr-jarallax-no wpr-parallax-no wpr-sticky-section-no wpr-equal-height-no\" data-id=\"42d18a58\" data-element_type=\"section\" data-e-type=\"section\" data-settings=\"{&quot;background_background&quot;:&quot;classic&quot;}\">\n\t\t\t\t\t\t<div class=\"elementor-container elementor-column-gap-default\">\n\t\t\t\t\t<div class=\"elementor-column elementor-col-33 elementor-top-column elementor-element elementor-element-38f6dfb4\" data-id=\"38f6dfb4\" data-element_type=\"column\" data-e-type=\"column\">\n\t\t\t<div class=\"elementor-widget-wrap elementor-element-populated\">\n\t\t\t\t\t\t<div class=\"elementor-element elementor-element-61d3cee6 elementor-widget elementor-widget-heading\" data-id=\"61d3cee6\" data-element_type=\"widget\" data-e-type=\"widget\" data-widget_type=\"heading.default\">\n\t\t\t\t\t<h2 class=\"elementor-heading-title elementor-size-default\">\u00c9tudes ou Immigration<\/h2>\t\t\t\t<\/div>\n\t\t\t\t<div class=\"elementor-element elementor-element-856ca86 elementor-widget-divider--view-line elementor-widget elementor-widget-divider\" data-id=\"856ca86\" data-element_type=\"widget\" data-e-type=\"widget\" data-widget_type=\"divider.default\">\n\t\t\t\t\t\t\t<div class=\"elementor-divider\">\n\t\t\t<span class=\"elementor-divider-separator\">\n\t\t\t\t\t\t<\/span>\n\t\t<\/div>\n\t\t\t\t\t\t<\/div>\n\t\t\t\t<div class=\"elementor-element elementor-element-53e3ca28 elementor-widget elementor-widget-text-editor\" data-id=\"53e3ca28\" data-element_type=\"widget\" data-e-type=\"widget\" data-widget_type=\"text-editor.default\">\n\t\t\t\t\t\t\t\t\t<p>Le d\u00e9partement<strong> \u00c9tudier ou Immigrer aux USA\u00a0<\/strong> du G<strong>roupe BM<\/strong> vous accompagne dans vos projets aux \u00c9tats-Unis, qu\u2019il s\u2019agisse d\u2019<strong>immigration<\/strong> ou d\u2019<strong>admission universitaire.<\/strong><\/p><p>Immigration:<br \/>Nous vous guidons pas \u00e0 pas dans les proc\u00e9dures suivantes :<\/p><p><strong>EB-2 NIW<\/strong> (National Interest Waiver) \u2013 dispense d\u2019offre d\u2019emploi pour les profils dont le projet pr\u00e9sente un int\u00e9r\u00eat national;<\/p><p><strong>EB-1 A<\/strong> (Exceptional Abilities) \u2013 voie r\u00e9serv\u00e9e aux talents d\u2019exception.<\/p><p>Admissions universitaires:<br \/>Nous \u00e9laborons avec vous une strat\u00e9gie des admissions universitaires personnalis\u00e9es : choix cibl\u00e9 des Universit\u00e9s, optimisation de votre dossier acad\u00e9mique, pr\u00e9paration aux tests linguistiques et conseils sur les possibilit\u00e9s d&#8217;obtention des bourses d&#8217;\u00e9tudes ou des assistances financieres pour \u00e9tudes.<\/p><p>Avec <strong>Groupe BM<\/strong>, vous b\u00e9n\u00e9ficiez en continu de mises \u00e0 jour essentielles et de conseils avis\u00e9s pour prendre des d\u00e9cisions \u00e9clair\u00e9es, que votre objectif soit<strong> d\u2019obtenir une<\/strong> <strong>green card<\/strong> ou un<strong> dipl\u00f4me sup\u00e9rieur aux \u00c9tats-Unis.<\/strong><\/p><p>Notre mission est de vous accompagner afin de r\u00e9v\u00e9ler tout votre potentiel et b\u00e2tir un avenir meilleur aux \u00c9tats-Unis d\u2019Am\u00e9rique. Vous en \u00eates capable ; laissez-nous vous aider \u00e0 r\u00e9ussir. Contactez-nous d\u00e8s aujourd\u2019hui pour ouvrir votre dossier. \u00abYes, you can do it, and we\u2019ll help you do it well ! \u00bb<\/p>\t\t\t\t\t\t\t\t<\/div>\n\t\t\t\t\t<\/div>\n\t\t<\/div>\n\t\t\t\t<div class=\"elementor-column elementor-col-33 elementor-top-column elementor-element elementor-element-464d3a51 elementor-hidden-mobile\" data-id=\"464d3a51\" data-element_type=\"column\" data-e-type=\"column\">\n\t\t\t<div class=\"elementor-widget-wrap elementor-element-populated\">\n\t\t\t\t\t\t<div class=\"elementor-element elementor-element-5a4b6822 elementor-widget elementor-widget-image\" data-id=\"5a4b6822\" data-element_type=\"widget\" data-e-type=\"widget\" data-widget_type=\"image.default\">\n\t\t\t\t\t\t\t\t\t\t\t\t\t\t\t<img decoding=\"async\" src=\"https:\/\/groupebm.net\/eiusa\/wp-content\/uploads\/2025\/05\/arrangement-de-la-carte-verte-et-des-passeports-scaled.jpg\" title=\"\" alt=\"\" loading=\"lazy\" \/>\t\t\t\t\t\t\t\t\t\t\t\t\t\t\t<\/div>\n\t\t\t\t<div class=\"elementor-element elementor-element-48506940 elementor-widget elementor-widget-image\" data-id=\"48506940\" data-element_type=\"widget\" data-e-type=\"widget\" data-widget_type=\"image.default\">\n\t\t\t\t\t\t\t\t\t\t\t\t\t\t\t<img fetchpriority=\"high\" decoding=\"async\" width=\"1500\" height=\"1000\" src=\"https:\/\/groupebm.net\/eiusa\/wp-content\/uploads\/2025\/05\/2148165999.jpg\" class=\"attachment-full size-full wp-image-579\" alt=\"2148165999\" srcset=\"https:\/\/groupebm.net\/eiusa\/wp-content\/uploads\/2025\/05\/2148165999.jpg 1500w, https:\/\/groupebm.net\/eiusa\/wp-content\/uploads\/2025\/05\/2148165999-300x200.jpg 300w, https:\/\/groupebm.net\/eiusa\/wp-content\/uploads\/2025\/05\/2148165999-1024x683.jpg 1024w, https:\/\/groupebm.net\/eiusa\/wp-content\/uploads\/2025\/05\/2148165999-768x512.jpg 768w\" sizes=\"(max-width: 1500px) 100vw, 1500px\" \/>\t\t\t\t\t\t\t\t\t\t\t\t\t\t\t<\/div>\n\t\t\t\t\t<\/div>\n\t\t<\/div>\n\t\t\t\t<div class=\"elementor-column elementor-col-33 elementor-top-column elementor-element elementor-element-2d1b35ef elementor-hidden-mobile\" data-id=\"2d1b35ef\" data-element_type=\"column\" data-e-type=\"column\">\n\t\t\t<div class=\"elementor-widget-wrap elementor-element-populated\">\n\t\t\t\t\t\t<div class=\"elementor-element elementor-element-624ba58c elementor-widget elementor-widget-image\" data-id=\"624ba58c\" data-element_type=\"widget\" data-e-type=\"widget\" data-widget_type=\"image.default\">\n\t\t\t\t\t\t\t\t\t\t\t\t\t\t\t<img decoding=\"async\" width=\"1920\" height=\"1280\" src=\"https:\/\/groupebm.net\/eiusa\/wp-content\/uploads\/2025\/05\/pexels-keira-burton-6147161.jpg\" class=\"attachment-full size-full wp-image-581\" alt=\"Pexels keira burton\" srcset=\"https:\/\/groupebm.net\/eiusa\/wp-content\/uploads\/2025\/05\/pexels-keira-burton-6147161.jpg 1920w, https:\/\/groupebm.net\/eiusa\/wp-content\/uploads\/2025\/05\/pexels-keira-burton-6147161-300x200.jpg 300w, https:\/\/groupebm.net\/eiusa\/wp-content\/uploads\/2025\/05\/pexels-keira-burton-6147161-1024x683.jpg 1024w, https:\/\/groupebm.net\/eiusa\/wp-content\/uploads\/2025\/05\/pexels-keira-burton-6147161-768x512.jpg 768w, https:\/\/groupebm.net\/eiusa\/wp-content\/uploads\/2025\/05\/pexels-keira-burton-6147161-1536x1024.jpg 1536w\" sizes=\"(max-width: 1920px) 100vw, 1920px\" \/>\t\t\t\t\t\t\t\t\t\t\t\t\t\t\t<\/div>\n\t\t\t\t<div class=\"elementor-element elementor-element-ebe2300 elementor-widget elementor-widget-image\" data-id=\"ebe2300\" data-element_type=\"widget\" data-e-type=\"widget\" data-widget_type=\"image.default\">\n\t\t\t\t\t\t\t\t\t\t\t\t\t\t\t<img decoding=\"async\" src=\"https:\/\/groupebm.net\/eiusa\/wp-content\/uploads\/2025\/05\/Passport-americain.png\" class=\"attachment-full size-full wp-image-615\" alt=\"Passport am\u00e9ricain\" \/>\t\t\t\t\t\t\t\t\t\t\t\t\t\t\t<\/div>\n\t\t\t\t\t<\/div>\n\t\t<\/div>\n\t\t\t\t\t<\/div>\n\t\t<\/section>\n\t\t\t\t<\/div>\n\t\t","protected":false},"excerpt":{"rendered":"<p>R\u00eavez l&#8217;Am\u00e9rique Nous guidons votre parcours R\u00e9servez votre consultation d\u00e8s aujourd&#039;hui ! Nous offrons une \u00e9valuation gratuite de votre profil \u00c9tudes ou Immigration Le d\u00e9partement \u00c9tudier ou Immigrer aux USA\u00a0 du Groupe BM vous accompagne dans vos projets aux \u00c9tats-Unis, qu\u2019il s\u2019agisse d\u2019immigration ou d\u2019admission universitaire. Immigration:Nous vous guidons pas \u00e0 pas dans les proc\u00e9dures suivantes : EB-2 NIW (National Interest Waiver) \u2013 dispense d\u2019offre d\u2019emploi pour les profils dont le projet pr\u00e9sente un int\u00e9r\u00eat national; EB-1 A (Exceptional Abilities) \u2013 voie r\u00e9serv\u00e9e aux talents d\u2019exception. Admissions universitaires:Nous \u00e9laborons avec vous une strat\u00e9gie des admissions universitaires personnalis\u00e9es : choix cibl\u00e9 des Universit\u00e9s, optimisation de votre dossier acad\u00e9mique, pr\u00e9paration aux tests linguistiques et conseils sur les possibilit\u00e9s d&#8217;obtention des bourses d&#8217;\u00e9tudes ou des assistances financieres pour \u00e9tudes. Avec Groupe BM, vous b\u00e9n\u00e9ficiez en continu de mises \u00e0 jour essentielles et de conseils avis\u00e9s pour prendre des d\u00e9cisions \u00e9clair\u00e9es, que votre objectif soit d\u2019obtenir une green card ou un dipl\u00f4me sup\u00e9rieur aux \u00c9tats-Unis. Notre mission est de vous accompagner afin de r\u00e9v\u00e9ler tout votre potentiel et b\u00e2tir un avenir meilleur aux \u00c9tats-Unis d\u2019Am\u00e9rique. Vous en \u00eates capable ; laissez-nous vous aider \u00e0 r\u00e9ussir. Contactez-nous d\u00e8s aujourd\u2019hui pour ouvrir votre dossier. \u00abYes, you can do it, and we\u2019ll help you do it well ! \u00bb<\/p>\n","protected":false},"author":1,"featured_media":0,"parent":0,"menu_order":0,"comment_status":"closed","ping_status":"closed","template":"elementor_canvas","meta":{"slim_seo":{"title":"eiusa - etudier ou immigrer aux USA","description":"R\u00eavez l'Am\u00e9rique Nous guidons votre parcours R\u00e9servez votre consultation d\u00e8s aujourd&#039;hui ! Nous offrons une \u00e9valuation gratuite de votre profil \u00c9tudes ou I"},"footnotes":""},"wf_page_folders":[52],"class_list":["post-21","page","type-page","status-publish","hentry"],"blocksy_meta":[],"_links":{"self":[{"href":"https:\/\/groupebm.net\/eiusa\/wp-json\/wp\/v2\/pages\/21","targetHints":{"allow":["GET"]}}],"collection":[{"href":"https:\/\/groupebm.net\/eiusa\/wp-json\/wp\/v2\/pages"}],"about":[{"href":"https:\/\/groupebm.net\/eiusa\/wp-json\/wp\/v2\/types\/page"}],"author":[{"embeddable":true,"href":"https:\/\/groupebm.net\/eiusa\/wp-json\/wp\/v2\/users\/1"}],"replies":[{"embeddable":true,"href":"https:\/\/groupebm.net\/eiusa\/wp-json\/wp\/v2\/comments?post=21"}],"version-history":[{"count":0,"href":"https:\/\/groupebm.net\/eiusa\/wp-json\/wp\/v2\/pages\/21\/revisions"}],"wp:attachment":[{"href":"https:\/\/groupebm.net\/eiusa\/wp-json\/wp\/v2\/media?parent=21"}],"wp:term":[{"taxonomy":"wf_page_folders","embeddable":true,"href":"https:\/\/groupebm.net\/eiusa\/wp-json\/wp\/v2\/wf_page_folders?post=21"}],"curies":[{"name":"wp","href":"https:\/\/api.w.org\/{rel}","templated":true}]}}